{"id":102,"date":"2018-06-21T13:10:55","date_gmt":"2018-06-21T11:10:55","guid":{"rendered":"http:\/\/amjd.ch\/?page_id=102"},"modified":"2018-09-01T15:43:33","modified_gmt":"2018-09-01T13:43:33","slug":"remorquage-planeur","status":"publish","type":"page","link":"https:\/\/amjd.ch\/index.php\/le-club\/remorquage-planeur\/","title":{"rendered":"Remorquage planeur"},"content":{"rendered":"\n\t\t<style>\n\t\t\t#gallery-1 {\n\t\t\t\tmargin: auto;\n\t\t\t}\n\t\t\t#gallery-1 .gallery-item {\n\t\t\t\tfloat: left;\n\t\t\t\tmargin-top: 10px;\n\t\t\t\ttext-align: center;\n\t\t\t\twidth: 33%;\n\t\t\t}\n\t\t\t#gallery-1 img {\n\t\t\t\tborder: 2px solid #cfcfcf;\n\t\t\t}\n\t\t\t#gallery-1 .gallery-caption {\n\t\t\t\tmargin-left: 0;\n\t\t\t}\n\t\t\t\/* see gallery_shortcode() in wp-includes\/media.php *\/\n\t\t<\/style>\n\t\t<div id='gallery-1' class='gallery galleryid-102 gallery-columns-3 gallery-size-large'><dl class='gallery-item'>\n\t\t\t<dt class='gallery-icon landscape'>\n\t\t\t\t<a href='https:\/\/amjd.ch\/wp-content\/uploads\/2018\/08\/DSC08406.jpg'><img loading=\"lazy\" decoding=\"async\" width=\"1024\" height=\"768\" src=\"https:\/\/amjd.ch\/wp-content\/uploads\/2018\/08\/DSC08406-1024x768.jpg\" class=\"attachment-large size-large\" alt=\"\" srcset=\"https:\/\/amjd.ch\/wp-content\/uploads\/2018\/08\/DSC08406.jpg 1024w, https:\/\/amjd.ch\/wp-content\/uploads\/2018\/08\/DSC08406-320x240.jpg 320w, https:\/\/amjd.ch\/wp-content\/uploads\/2018\/08\/DSC08406-768x576.jpg 768w\" sizes=\"auto, (max-width: 1024px) 100vw, 1024px\" \/><\/a>\n\t\t\t<\/dt><\/dl><dl class='gallery-item'>\n\t\t\t<dt class='gallery-icon landscape'>\n\t\t\t\t<a href='https:\/\/amjd.ch\/wp-content\/uploads\/2018\/08\/DSC04610.jpg'><img loading=\"lazy\" decoding=\"async\" width=\"1024\" height=\"770\" src=\"https:\/\/amjd.ch\/wp-content\/uploads\/2018\/08\/DSC04610-1024x770.jpg\" class=\"attachment-large size-large\" alt=\"\" srcset=\"https:\/\/amjd.ch\/wp-content\/uploads\/2018\/08\/DSC04610.jpg 1024w, https:\/\/amjd.ch\/wp-content\/uploads\/2018\/08\/DSC04610-320x241.jpg 320w, https:\/\/amjd.ch\/wp-content\/uploads\/2018\/08\/DSC04610-768x578.jpg 768w\" sizes=\"auto, (max-width: 1024px) 100vw, 1024px\" \/><\/a>\n\t\t\t<\/dt><\/dl><dl class='gallery-item'>\n\t\t\t<dt class='gallery-icon landscape'>\n\t\t\t\t<a href='https:\/\/amjd.ch\/wp-content\/uploads\/2018\/08\/HPIM4510.jpg'><img loading=\"lazy\" decoding=\"async\" width=\"1024\" height=\"772\" src=\"https:\/\/amjd.ch\/wp-content\/uploads\/2018\/08\/HPIM4510-1024x772.jpg\" class=\"attachment-large size-large\" alt=\"\" srcset=\"https:\/\/amjd.ch\/wp-content\/uploads\/2018\/08\/HPIM4510.jpg 1024w, https:\/\/amjd.ch\/wp-content\/uploads\/2018\/08\/HPIM4510-320x241.jpg 320w, https:\/\/amjd.ch\/wp-content\/uploads\/2018\/08\/HPIM4510-768x579.jpg 768w\" sizes=\"auto, (max-width: 1024px) 100vw, 1024px\" \/><\/a>\n\t\t\t<\/dt><\/dl><br style=\"clear: both\" \/>\n\t\t<\/div>\n\n<p>Depuis l&rsquo;ann\u00e9es 2014, notre club dispose d&rsquo;un groupe de vol \u00e0 voile afin de profiter pleinement de la pr\u00e9sence du remorqueur du club.<br \/>\nCe groupe est ouvert \u00e0 tous les membres qui le d\u00e9sirent. Apr\u00e8s le paiement d\u2019une cotisation, vous pourrez faire remorquer votre mod\u00e8le puis partir \u00e0 la recherche de courants thermiques pour accomplir des vols sans limite de temps.<br \/>\nSi vous \u00eates d\u00e9butant ou n\u00e9ophyte en mati\u00e8re de vol \u00e0 voile, vous pourrez aussi profiter des conseils des pilotes \u00ab moustachus \u00bb qui vous soutiendront lors de votre apprentissage et vous permettront d\u2019affiner votre pilotage.<\/p>\n<p>Les cotisations annuelles, qui servent \u00e0 couvrir les frais d\u2019utilisation du remorqueur, sont fix\u00e9es comme suit :<\/p>\n<p>CHF 50.- * pour les utilisateurs r\u00e9guliers par ann\u00e9e.<br \/>\nCHF 10.- * pour une journ\u00e9e (jusqu\u2019\u00e0 concurrence de CHF 50.-)<br \/>\n* Si il y a des frais suppl\u00e9mentaires, ils seront r\u00e9partis entre les pilotes en fin de saison.<\/p>\n<p>La pratique du vol \u00e0 voile est une exp\u00e9rience enivrante que je conseille vivement \u00e0 tous mod\u00e9listes d\u2019essayer.<br \/>\nSi vous avez des questions ou que vous d\u00e9sirez faire partie du groupe \u00ab Vol \u00e0 voile AMJD \u00bb, vous pouvez me contacter via la page <a href=\"http:\/\/amjd.ch\/index.php\/le-club\/contact\/\">contact<\/a>\u00a0du site internet.<\/p>\n","protected":false},"excerpt":{"rendered":"<p>Depuis l&rsquo;ann\u00e9es 2014, notre club dispose d&rsquo;un groupe de vol \u00e0 voile afin de profiter pleinement de la pr\u00e9sence du remorqueur du club. Ce groupe est ouvert \u00e0 tous les membres qui le d\u00e9sirent.&#46;&#46;&#46;<\/p>\n","protected":false},"author":1,"featured_media":0,"parent":90,"menu_order":0,"comment_status":"closed","ping_status":"closed","template":"","meta":{"footnotes":""},"class_list":["post-102","page","type-page","status-publish","hentry"],"_links":{"self":[{"href":"https:\/\/amjd.ch\/index.php\/wp-json\/wp\/v2\/pages\/102","targetHints":{"allow":["GET"]}}],"collection":[{"href":"https:\/\/amjd.ch\/index.php\/wp-json\/wp\/v2\/pages"}],"about":[{"href":"https:\/\/amjd.ch\/index.php\/wp-json\/wp\/v2\/types\/page"}],"author":[{"embeddable":true,"href":"https:\/\/amjd.ch\/index.php\/wp-json\/wp\/v2\/users\/1"}],"replies":[{"embeddable":true,"href":"https:\/\/amjd.ch\/index.php\/wp-json\/wp\/v2\/comments?post=102"}],"version-history":[{"count":21,"href":"https:\/\/amjd.ch\/index.php\/wp-json\/wp\/v2\/pages\/102\/revisions"}],"predecessor-version":[{"id":372,"href":"https:\/\/amjd.ch\/index.php\/wp-json\/wp\/v2\/pages\/102\/revisions\/372"}],"up":[{"embeddable":true,"href":"https:\/\/amjd.ch\/index.php\/wp-json\/wp\/v2\/pages\/90"}],"wp:attachment":[{"href":"https:\/\/amjd.ch\/index.php\/wp-json\/wp\/v2\/media?parent=102"}],"curies":[{"name":"wp","href":"https:\/\/api.w.org\/{rel}","templated":true}]}}