{"id":104,"date":"2018-06-21T13:14:18","date_gmt":"2018-06-21T11:14:18","guid":{"rendered":"http:\/\/amjd.ch\/?page_id=104"},"modified":"2018-09-01T15:46:52","modified_gmt":"2018-09-01T13:46:52","slug":"double-commande","status":"publish","type":"page","link":"https:\/\/amjd.ch\/index.php\/le-club\/double-commande\/","title":{"rendered":"Double commande"},"content":{"rendered":"\n\t\t<style>\n\t\t\t#gallery-1 {\n\t\t\t\tmargin: auto;\n\t\t\t}\n\t\t\t#gallery-1 .gallery-item {\n\t\t\t\tfloat: left;\n\t\t\t\tmargin-top: 10px;\n\t\t\t\ttext-align: center;\n\t\t\t\twidth: 33%;\n\t\t\t}\n\t\t\t#gallery-1 img {\n\t\t\t\tborder: 2px solid #cfcfcf;\n\t\t\t}\n\t\t\t#gallery-1 .gallery-caption {\n\t\t\t\tmargin-left: 0;\n\t\t\t}\n\t\t\t\/* see gallery_shortcode() in wp-includes\/media.php *\/\n\t\t<\/style>\n\t\t<div id='gallery-1' class='gallery galleryid-104 gallery-columns-3 gallery-size-large'><dl class='gallery-item'>\n\t\t\t<dt class='gallery-icon landscape'>\n\t\t\t\t<a href='https:\/\/amjd.ch\/wp-content\/uploads\/2018\/08\/DSC5233.jpg'><img loading=\"lazy\" decoding=\"async\" width=\"1024\" height=\"772\" src=\"https:\/\/amjd.ch\/wp-content\/uploads\/2018\/08\/DSC5233-1024x772.jpg\" class=\"attachment-large size-large\" alt=\"\" srcset=\"https:\/\/amjd.ch\/wp-content\/uploads\/2018\/08\/DSC5233.jpg 1024w, https:\/\/amjd.ch\/wp-content\/uploads\/2018\/08\/DSC5233-320x241.jpg 320w, https:\/\/amjd.ch\/wp-content\/uploads\/2018\/08\/DSC5233-768x579.jpg 768w\" sizes=\"auto, (max-width: 1024px) 100vw, 1024px\" \/><\/a>\n\t\t\t<\/dt><\/dl><dl class='gallery-item'>\n\t\t\t<dt class='gallery-icon landscape'>\n\t\t\t\t<a href='https:\/\/amjd.ch\/wp-content\/uploads\/2018\/08\/DSC5637.jpg'><img loading=\"lazy\" decoding=\"async\" width=\"1024\" height=\"772\" src=\"https:\/\/amjd.ch\/wp-content\/uploads\/2018\/08\/DSC5637-1024x772.jpg\" class=\"attachment-large size-large\" alt=\"\" srcset=\"https:\/\/amjd.ch\/wp-content\/uploads\/2018\/08\/DSC5637.jpg 1024w, https:\/\/amjd.ch\/wp-content\/uploads\/2018\/08\/DSC5637-320x241.jpg 320w, https:\/\/amjd.ch\/wp-content\/uploads\/2018\/08\/DSC5637-768x579.jpg 768w\" sizes=\"auto, (max-width: 1024px) 100vw, 1024px\" \/><\/a>\n\t\t\t<\/dt><\/dl><dl class='gallery-item'>\n\t\t\t<dt class='gallery-icon landscape'>\n\t\t\t\t<a href='https:\/\/amjd.ch\/wp-content\/uploads\/2018\/08\/DSC00273.jpg'><img loading=\"lazy\" decoding=\"async\" width=\"1024\" height=\"768\" src=\"https:\/\/amjd.ch\/wp-content\/uploads\/2018\/08\/DSC00273-1024x768.jpg\" class=\"attachment-large size-large\" alt=\"\" srcset=\"https:\/\/amjd.ch\/wp-content\/uploads\/2018\/08\/DSC00273.jpg 1024w, https:\/\/amjd.ch\/wp-content\/uploads\/2018\/08\/DSC00273-320x240.jpg 320w, https:\/\/amjd.ch\/wp-content\/uploads\/2018\/08\/DSC00273-768x576.jpg 768w\" sizes=\"auto, (max-width: 1024px) 100vw, 1024px\" \/><\/a>\n\t\t\t<\/dt><\/dl><br style=\"clear: both\" \/>\n\t\t<\/div>\n\n<p>Tent\u00e9 par l\u2019a\u00e9romod\u00e9lisme ? Vous n\u2019osez pas vous lancer?<\/p>\n<p>Ne baissez par les bras. Ne vous lancez pas \u00e0 des frais de mat\u00e9riel d\u00e9mesur\u00e9s. Mais rejoignez-nous sur notre terrain et approchez vous de l\u2019un de nos membres. Nous sommes l\u00e0 pour vous conseiller et accompagner dans vos d\u00e9buts pour \u00eatre s\u00fbr de faire le bon choix et \u00eatre motiv\u00e9s.<\/p>\n<p>La double commande vous permet de vous initier au type de pilotage de votre choix en toute s\u00e9curit\u00e9 pour le mod\u00e8le et votre environnement. Un expert vous accompagne, vous explique les commandes, vous les laisses et les reprend en cas de difficult\u00e9. Ainsi vous pouvez voler d\u00e8s les premiers instants sans risquer de crash et apprendre rapidement les bons r\u00e9flexes.<\/p>\n<p>Pour toute demande rendez-vous sur la page <a href=\"http:\/\/amjd.ch\/index.php\/le-club\/contact\/\">contact<\/a>\u00a0du site.<\/p>\n","protected":false},"excerpt":{"rendered":"<p>Tent\u00e9 par l\u2019a\u00e9romod\u00e9lisme ? Vous n\u2019osez pas vous lancer? Ne baissez par les bras. Ne vous lancez pas \u00e0 des frais de mat\u00e9riel d\u00e9mesur\u00e9s. Mais rejoignez-nous sur notre terrain et approchez vous de l\u2019un&#46;&#46;&#46;<\/p>\n","protected":false},"author":1,"featured_media":0,"parent":90,"menu_order":0,"comment_status":"closed","ping_status":"closed","template":"","meta":{"footnotes":""},"class_list":["post-104","page","type-page","status-publish","hentry"],"_links":{"self":[{"href":"https:\/\/amjd.ch\/index.php\/wp-json\/wp\/v2\/pages\/104","targetHints":{"allow":["GET"]}}],"collection":[{"href":"https:\/\/amjd.ch\/index.php\/wp-json\/wp\/v2\/pages"}],"about":[{"href":"https:\/\/amjd.ch\/index.php\/wp-json\/wp\/v2\/types\/page"}],"author":[{"embeddable":true,"href":"https:\/\/amjd.ch\/index.php\/wp-json\/wp\/v2\/users\/1"}],"replies":[{"embeddable":true,"href":"https:\/\/amjd.ch\/index.php\/wp-json\/wp\/v2\/comments?post=104"}],"version-history":[{"count":10,"href":"https:\/\/amjd.ch\/index.php\/wp-json\/wp\/v2\/pages\/104\/revisions"}],"predecessor-version":[{"id":373,"href":"https:\/\/amjd.ch\/index.php\/wp-json\/wp\/v2\/pages\/104\/revisions\/373"}],"up":[{"embeddable":true,"href":"https:\/\/amjd.ch\/index.php\/wp-json\/wp\/v2\/pages\/90"}],"wp:attachment":[{"href":"https:\/\/amjd.ch\/index.php\/wp-json\/wp\/v2\/media?parent=104"}],"curies":[{"name":"wp","href":"https:\/\/api.w.org\/{rel}","templated":true}]}}