{"id":873,"date":"2018-11-25T15:23:32","date_gmt":"2018-11-25T13:23:32","guid":{"rendered":"https:\/\/amjd.ch\/?page_id=873"},"modified":"2018-11-26T21:56:06","modified_gmt":"2018-11-26T19:56:06","slug":"liens","status":"publish","type":"page","link":"https:\/\/amjd.ch\/index.php\/liens\/","title":{"rendered":"Liens"},"content":{"rendered":"<p><a href=\"http:\/\/www.aeroclub.ch\/fr\/\" target=\"_blank\" rel=\"noopener\"><img loading=\"lazy\" decoding=\"async\" class=\"alignnone wp-image-879\" style=\"vertical-align: middle;\" src=\"https:\/\/amjd.ch\/wp-content\/uploads\/2018\/11\/AeCS-320x232.png\" alt=\"\" width=\"156\" height=\"113\" srcset=\"https:\/\/amjd.ch\/wp-content\/uploads\/2018\/11\/AeCS-320x232.png 320w, https:\/\/amjd.ch\/wp-content\/uploads\/2018\/11\/AeCS-768x557.png 768w, https:\/\/amjd.ch\/wp-content\/uploads\/2018\/11\/AeCS-1024x743.png 1024w, https:\/\/amjd.ch\/wp-content\/uploads\/2018\/11\/AeCS.png 1160w\" sizes=\"auto, (max-width: 156px) 100vw, 156px\" \/>\u00a0 \u00a0 \u00a0<span style=\"vertical-align: middle;\">Aeroclub de suisse<\/span><\/a><\/p>\n<p><a href=\"http:\/\/www.modellflug.ch\/\" target=\"_blank\" rel=\"noopener\"><img loading=\"lazy\" decoding=\"async\" class=\"wp-image-878 alignnone\" style=\"vertical-align: middle;\" src=\"https:\/\/amjd.ch\/wp-content\/uploads\/2018\/11\/smvlogo_tp.png\" alt=\"\" width=\"159\" height=\"41\" \/>\u00a0 \u00a0\u00a0<span style=\"vertical-align: middle;\">F\u00e9d\u00e9ration Suisse d&rsquo;A\u00e9romod\u00e9lisme<\/span><\/a><\/p>\n<h1><span style=\"vertical-align: middle;\">Les groupements d&rsquo;a\u00e9romod\u00e9lisme<\/span><\/h1>\n<ul>\n<li><a href=\"http:\/\/www.ailes-du-lemont.com\/index.php\" target=\"_blank\" rel=\"noopener\">Les\u00a0 Ailes du L\u00e9monts de Glovelier<\/a><\/li>\n<li><a href=\"http:\/\/www.aeromodelismeajoulot.ch\/\" target=\"_blank\" rel=\"noopener\">Groupe d&rsquo;a\u00e9romod\u00e9lisme d&rsquo;Ajoie<\/a><\/li>\n<li><a href=\"http:\/\/www.gamcy.ch\/\" target=\"_blank\" rel=\"noopener\">Groupe d&rsquo;a\u00e9romod\u00e9lisme de Courtelary<\/a><\/li>\n<li><a href=\"https:\/\/www.aircchasseral.ch\/\" target=\"_blank\" rel=\"noopener\">Groupe d&rsquo;a\u00e9romod\u00e9lisme Air Chasseral<\/a><\/li>\n<li><a href=\"http:\/\/www.gamromont.ch\/\" target=\"_blank\" rel=\"noopener\">Groupe d&rsquo;a\u00e9romod\u00e9lisme de Romont<\/a><\/li>\n<li><a href=\"http:\/\/www.gmr-gruyere.ch\/\" target=\"_blank\" rel=\"noopener\">Groupe d&rsquo;a\u00e9romod\u00e9lisme de Gruy\u00e8re<\/a><\/li>\n<li><a href=\"http:\/\/www.gmr-payerne.ch\/\" target=\"_blank\" rel=\"noopener\">Groupe d&rsquo;a\u00e9romod\u00e9lisme de Payerne<\/a><\/li>\n<li><a href=\"http:\/\/www.gamyverdon.ch\/\" target=\"_blank\" rel=\"noopener\">Groupe d&rsquo;a\u00e9romod\u00e9lisme d&rsquo;Yverdon<\/a><\/li>\n<li><a href=\"http:\/\/www.gmra.ch\/\" target=\"_blank\" rel=\"noopener\">Groupe d&rsquo;a\u00e9romod\u00e9lisme d&rsquo;Avenches<\/a><\/li>\n<li><a href=\"http:\/\/www.clam.ch\/\" target=\"_blank\" rel=\"noopener\">Groupe d&rsquo;a\u00e9romod\u00e9lisme du L\u00e9man<\/a><\/li>\n<li><a href=\"http:\/\/www.gamdizy.ch\/\" target=\"_blank\" rel=\"noopener\">Groupe d&rsquo;a\u00e9romod\u00e9lisme de Dizy<\/a><\/li>\n<li><a href=\"http:\/\/www.gamaigle.ch\/\" target=\"_blank\" rel=\"noopener\">Groupe d&rsquo;a\u00e9romod\u00e9lisme de Aigle-bex<\/a><\/li>\n<li><a href=\"http:\/\/www.gamsion.ch\/\" target=\"_blank\" rel=\"noopener\">Groupe d&rsquo;a\u00e9romod\u00e9lisme de Sion<\/a><\/li>\n<li><a href=\"http:\/\/www.gamsierre.ch\/\" target=\"_blank\" rel=\"noopener\">Groupe d&rsquo;a\u00e9romod\u00e9lisme de Sierre<\/a><\/li>\n<li><a href=\"http:\/\/www.versoixmc.com\/\" target=\"_blank\" rel=\"noopener\">Groupe d&rsquo;a\u00e9romod\u00e9lisme de Versoix<\/a><\/li>\n<li><a href=\"http:\/\/gamgeneve.ch\/\" target=\"_blank\" rel=\"noopener\">Groupe d&rsquo;a\u00e9romod\u00e9lisme de Gen\u00e8ve<\/a><\/li>\n<\/ul>\n","protected":false},"excerpt":{"rendered":"<p>\u00a0 \u00a0 \u00a0Aeroclub de suisse \u00a0 \u00a0\u00a0F\u00e9d\u00e9ration Suisse d&rsquo;A\u00e9romod\u00e9lisme Les groupements d&rsquo;a\u00e9romod\u00e9lisme Les\u00a0 Ailes du L\u00e9monts de Glovelier Groupe d&rsquo;a\u00e9romod\u00e9lisme d&rsquo;Ajoie Groupe d&rsquo;a\u00e9romod\u00e9lisme de Courtelary Groupe d&rsquo;a\u00e9romod\u00e9lisme Air Chasseral Groupe d&rsquo;a\u00e9romod\u00e9lisme de Romont Groupe&#46;&#46;&#46;<\/p>\n","protected":false},"author":1,"featured_media":0,"parent":0,"menu_order":0,"comment_status":"closed","ping_status":"closed","template":"","meta":{"footnotes":""},"class_list":["post-873","page","type-page","status-publish","hentry"],"_links":{"self":[{"href":"https:\/\/amjd.ch\/index.php\/wp-json\/wp\/v2\/pages\/873","targetHints":{"allow":["GET"]}}],"collection":[{"href":"https:\/\/amjd.ch\/index.php\/wp-json\/wp\/v2\/pages"}],"about":[{"href":"https:\/\/amjd.ch\/index.php\/wp-json\/wp\/v2\/types\/page"}],"author":[{"embeddable":true,"href":"https:\/\/amjd.ch\/index.php\/wp-json\/wp\/v2\/users\/1"}],"replies":[{"embeddable":true,"href":"https:\/\/amjd.ch\/index.php\/wp-json\/wp\/v2\/comments?post=873"}],"version-history":[{"count":15,"href":"https:\/\/amjd.ch\/index.php\/wp-json\/wp\/v2\/pages\/873\/revisions"}],"predecessor-version":[{"id":891,"href":"https:\/\/amjd.ch\/index.php\/wp-json\/wp\/v2\/pages\/873\/revisions\/891"}],"wp:attachment":[{"href":"https:\/\/amjd.ch\/index.php\/wp-json\/wp\/v2\/media?parent=873"}],"curies":[{"name":"wp","href":"https:\/\/api.w.org\/{rel}","templated":true}]}}